{"id":1931,"date":"2020-10-16T19:17:48","date_gmt":"2020-10-16T19:17:48","guid":{"rendered":"https:\/\/casaclemente.es\/?page_id=1931"},"modified":"2020-11-03T11:12:04","modified_gmt":"2020-11-03T11:12:04","slug":"politica-de-privacidad","status":"publish","type":"page","link":"https:\/\/casaclemente.es\/index.php\/politica-de-privacidad\/","title":{"rendered":"Pol\u00edtica de Privacidad"},"content":{"rendered":"\n<p>En la presente secci\u00f3n se establece la contrataci\u00f3n para la adquisici\u00f3n de nuestros SERVICIOS a trav\u00e9s del sitio web https:\/\/hammamaguasderonda.com\/ (en adelante La web) y de cualquiera de nuestros puntos autorizados de venta, propiedad de AGUAS DE RONDA Y CASA CLEMENTE (en adelante el responsable).<br>Mediante la aceptaci\u00f3n del presente contrato, el consumidor y\/o usuario (en adelante el cliente) acepta lo siguiente:<\/p>\n\n\n\n<ol class=\"wp-block-list\"><li>Que, es una persona con capacidad suficiente para contratar.<\/li><li>Que ha le\u00eddo, entiende y acepta sin reservas cada uno de los puntos de las presentes condiciones generales.<\/li><li>Que asume todas las obligaciones establecidas.<\/li><\/ol>\n\n\n\n<p>El Responsable se reserva el derecho de modificar la oferta contractual, constituida por las presentes condiciones generales y la lista de SERVICIOS y sus precios, en cualquier momento, si bien dichas modificaciones no se efectuar\u00e1n con las contrataciones ya realizadas por el consumidor y\/o usuario previamente. Por todo ello,<br>se recomienda la lectura antes de proceder a la compra de cualquier servicio ofertado.<\/p>\n\n\n\n<h5 class=\"wp-block-heading\">IDENTIFICACI\u00d3N DE LAS PARTES<\/h5>\n\n\n\n<p>Por una parte, JUAN MANUEL MARQUEZ GIL con N.I.F 25.599.308-D (titular de la Web https:\/\/hammamaguasderonda.com\/), con domicilio en C\/Molino de Alarc\u00f3n 29.400 RONDA (M\u00c1LAGA).<br>Tel\u00e9fono: 627 596 847<br>Email: info@hammamaguasderonda.com\/aguasderonda@gmail.com.<\/p>\n\n\n\n<h5 class=\"wp-block-heading\">COMUNICACI\u00d3N Y CONTACTO<\/h5>\n\n\n\n<p>A efectos de comunicaciones, El Responsable pone a disposici\u00f3n del consumidor y\/o usuario los siguientes medios de contacto:<br>Email: info@hammamaguasderonda.com\/aguasderonda@gmail.com.<br>Tel\u00e9fono: 627 596 847<br>Direcciones postal: C\/Molino de Alarc\u00f3n s\/n 29.400 RONDA(M\u00c1LAGA).<\/p>\n\n\n\n<h6 class=\"wp-block-heading\">Formulario de contacto<\/h6>\n\n\n\n<p>Las comunicaciones que se realicen entre las partes por algunos de los medios citados se considerar\u00e1n eficaces y v\u00e1lidas a todos los efectos.<\/p>\n\n\n\n<h5 class=\"wp-block-heading\">RESPONSABILIDAD DEL CONSUMIDOR Y DEL RESPONSABLE<\/h5>\n\n\n\n<p>El cliente y\/o consumidor se obliga a realizar un uso l\u00edcito de la Web y de los servicios prestados, respetando la legislaci\u00f3n vigente y en cumplimiento de los derechos e intereses de terceras personas y de El Responsable.<br>El cliente ser\u00e1 responsable de los datos que proporcione a la Web y de la veracidad de los mismos, y responde de las consecuencias que pueda ocasionar datos falsos o err\u00f3neos. El cliente ha de respetar y aceptar las condiciones generales de contrataci\u00f3n, y los avisos legales y de privacidad establecidos en la presente Web. El incumplimiento de lo anterior dar\u00e1 lugar a la retirada o cancelaci\u00f3n de los servicios contratados, no est\u00e1 el responsable obligado a avisar con preaviso y sin que ello de derecho a indemnizaci\u00f3n alguna. Asimismo, el responsable se compromete a respetar las obligaciones establecidas en la presente Web. Para cualquier tipo de duda o informaci\u00f3n pone a disposici\u00f3n todos los medios de contactos antes mencionados.<\/p>\n\n\n\n<h5 class=\"wp-block-heading\">PROCEDIMIENTO DE CONTRATACION<\/h5>\n\n\n\n<p>La contrataci\u00f3n de los servicios de la Web se puede realizar seg\u00fan lo establecido en las presentes condiciones generales de contrataci\u00f3n. La persona que efect\u00faa la reserva deber\u00e1 proporcionar sus datos personales as\u00ed como los datos personales de las personas que le acompa\u00f1en para poder efectuar la correspondiente reserva y comunicarles, en caso necesario, cualquier cambio relacionado con su reserva e informarle de las condiciones necesarias para el uso adecuado del servicio.<\/p>\n\n\n\n<h5 class=\"wp-block-heading\">CONTRATACION DE LOS SERVICIOS<\/h5>\n\n\n\n<p>Se pueden hacer las reservas a trav\u00e9s del n\u00famero de tel\u00e9fono 627 596 847, que se encuentra especificado de esta manera en la p\u00e1gina web. Se informar\u00e1 de la duraci\u00f3n del servicio a realizar y del tipo de servicio a contratar, contando con la posibilidad de contratar varios servicios en un pack. En todo caso, se informar\u00e1 del precio y del turno correspondiente. El usuario podr\u00e1 consultar a trav\u00e9s de la web las reservas disponibles y contactar directamente a trav\u00e9s del n\u00famero de tel\u00e9fono habilitado al afecto. Asimismo, tambi\u00e9n se podr\u00e1 contratar nuestros servicios en distintas plataformas web donde se ofertan nuestros servicios y se har\u00e1 a trav\u00e9s de los procedimiento establecidos para ello en las mismas. Las caracter\u00edsticas de los servicios est\u00e1n detalladas en sus correspondientes fichas o secciones (caracter\u00edsticas, precio, ofertas, descuentos, etc\u2026) Para cualquier informaci\u00f3n sobre el servicio a contratar, se contar\u00e1 con el formulario de contacto publicado en la web y con el tel\u00e9fono habilitado para hacer las reservas, as\u00ed como las direcciones de mail correspondiente.<\/p>\n\n\n\n<h5 class=\"wp-block-heading\">PRECIOS DE LOS SERVICIOS<\/h5>\n\n\n\n<p>El precio de los servicios se indica incluyendo el Impuesto sobre el Valor A\u00f1adido (IVA) y en todo caso de expresar\u00e1n en la moneda Euro (\u20ac). Salvo que se indique lo contrato, en los precios se\u00f1alados, no se incluyen servicios adicionales. Se da la posibilidad al cliente de contratar packs y bonos, as\u00ed se detallar\u00e1 en cada tipo de servicio.<\/p>\n","protected":false},"excerpt":{"rendered":"<p>En la presente secci\u00f3n se establece la contrataci\u00f3n para la adquisici\u00f3n de nuestros SERVICIOS a trav\u00e9s del sitio web https:\/\/hammamaguasderonda.com\/ (en adelante La web) y de cualquiera de nuestros puntos autorizados de venta, propiedad de AGUAS DE RONDA Y CASA CLEMENTE (en adelante el responsable).Mediante la aceptaci\u00f3n del presente contrato, el consumidor y\/o usuario (en [&hellip;]<\/p>\n","protected":false},"author":1,"featured_media":0,"parent":0,"menu_order":0,"comment_status":"closed","ping_status":"closed","template":"","meta":{"zakra_sidebar_layout":"customizer","zakra_remove_content_margin":false,"zakra_sidebar":"customizer","zakra_transparent_header":"customizer","zakra_logo":0,"zakra_main_header_style":"default","zakra_menu_item_color":"","zakra_menu_item_hover_color":"","zakra_menu_item_active_color":"","zakra_menu_active_style":"","zakra_page_header":true,"footnotes":""},"class_list":["post-1931","page","type-page","status-publish","hentry"],"yoast_head":"<!-- This site is optimized with the Yoast SEO plugin v27.5 - https:\/\/yoast.com\/product\/yoast-seo-wordpress\/ -->\n<title>Pol\u00edtica de Privacidad - Casa Clemente<\/title>\n<meta name=\"robots\" content=\"index, follow, max-snippet:-1, max-image-preview:large, max-video-preview:-1\" \/>\n<link rel=\"canonical\" href=\"https:\/\/casaclemente.es\/index.php\/politica-de-privacidad\/\" \/>\n<meta property=\"og:locale\" content=\"es_ES\" \/>\n<meta property=\"og:type\" content=\"article\" \/>\n<meta property=\"og:title\" content=\"Pol\u00edtica de Privacidad - Casa Clemente\" \/>\n<meta property=\"og:description\" content=\"En la presente secci\u00f3n se establece la contrataci\u00f3n para la adquisici\u00f3n de nuestros SERVICIOS a trav\u00e9s del sitio web https:\/\/hammamaguasderonda.com\/ (en adelante La web) y de cualquiera de nuestros puntos autorizados de venta, propiedad de AGUAS DE RONDA Y CASA CLEMENTE (en adelante el responsable).Mediante la aceptaci\u00f3n del presente contrato, el consumidor y\/o usuario (en [&hellip;]\" \/>\n<meta property=\"og:url\" content=\"https:\/\/casaclemente.es\/index.php\/politica-de-privacidad\/\" \/>\n<meta property=\"og:site_name\" content=\"Casa Clemente\" \/>\n<meta property=\"article:modified_time\" content=\"2020-11-03T11:12:04+00:00\" \/>\n<meta name=\"twitter:card\" content=\"summary_large_image\" \/>\n<meta name=\"twitter:label1\" content=\"Tiempo de lectura\" \/>\n\t<meta name=\"twitter:data1\" content=\"4 minutos\" \/>\n<script type=\"application\/ld+json\" class=\"yoast-schema-graph\">{\"@context\":\"https:\\\/\\\/schema.org\",\"@graph\":[{\"@type\":\"WebPage\",\"@id\":\"https:\\\/\\\/casaclemente.es\\\/index.php\\\/politica-de-privacidad\\\/\",\"url\":\"https:\\\/\\\/casaclemente.es\\\/index.php\\\/politica-de-privacidad\\\/\",\"name\":\"Pol\u00edtica de Privacidad - Casa Clemente\",\"isPartOf\":{\"@id\":\"https:\\\/\\\/casaclemente.es\\\/#website\"},\"datePublished\":\"2020-10-16T19:17:48+00:00\",\"dateModified\":\"2020-11-03T11:12:04+00:00\",\"breadcrumb\":{\"@id\":\"https:\\\/\\\/casaclemente.es\\\/index.php\\\/politica-de-privacidad\\\/#breadcrumb\"},\"inLanguage\":\"es\",\"potentialAction\":[{\"@type\":\"ReadAction\",\"target\":[\"https:\\\/\\\/casaclemente.es\\\/index.php\\\/politica-de-privacidad\\\/\"]}]},{\"@type\":\"BreadcrumbList\",\"@id\":\"https:\\\/\\\/casaclemente.es\\\/index.php\\\/politica-de-privacidad\\\/#breadcrumb\",\"itemListElement\":[{\"@type\":\"ListItem\",\"position\":1,\"name\":\"Home\",\"item\":\"https:\\\/\\\/casaclemente.es\\\/\"},{\"@type\":\"ListItem\",\"position\":2,\"name\":\"Pol\u00edtica de Privacidad\"}]},{\"@type\":\"WebSite\",\"@id\":\"https:\\\/\\\/casaclemente.es\\\/#website\",\"url\":\"https:\\\/\\\/casaclemente.es\\\/\",\"name\":\"Casa Clemente\",\"description\":\"\",\"publisher\":{\"@id\":\"https:\\\/\\\/casaclemente.es\\\/#organization\"},\"potentialAction\":[{\"@type\":\"SearchAction\",\"target\":{\"@type\":\"EntryPoint\",\"urlTemplate\":\"https:\\\/\\\/casaclemente.es\\\/?s={search_term_string}\"},\"query-input\":{\"@type\":\"PropertyValueSpecification\",\"valueRequired\":true,\"valueName\":\"search_term_string\"}}],\"inLanguage\":\"es\"},{\"@type\":\"Organization\",\"@id\":\"https:\\\/\\\/casaclemente.es\\\/#organization\",\"name\":\"Casa Clemente\",\"url\":\"https:\\\/\\\/casaclemente.es\\\/\",\"logo\":{\"@type\":\"ImageObject\",\"inLanguage\":\"es\",\"@id\":\"https:\\\/\\\/casaclemente.es\\\/#\\\/schema\\\/logo\\\/image\\\/\",\"url\":\"https:\\\/\\\/casaclemente.es\\\/wp-content\\\/uploads\\\/2020\\\/10\\\/logo_m.png\",\"contentUrl\":\"https:\\\/\\\/casaclemente.es\\\/wp-content\\\/uploads\\\/2020\\\/10\\\/logo_m.png\",\"width\":93,\"height\":60,\"caption\":\"Casa Clemente\"},\"image\":{\"@id\":\"https:\\\/\\\/casaclemente.es\\\/#\\\/schema\\\/logo\\\/image\\\/\"}}]}<\/script>\n<!-- \/ Yoast SEO plugin. -->","yoast_head_json":{"title":"Pol\u00edtica de Privacidad - Casa Clemente","robots":{"index":"index","follow":"follow","max-snippet":"max-snippet:-1","max-image-preview":"max-image-preview:large","max-video-preview":"max-video-preview:-1"},"canonical":"https:\/\/casaclemente.es\/index.php\/politica-de-privacidad\/","og_locale":"es_ES","og_type":"article","og_title":"Pol\u00edtica de Privacidad - Casa Clemente","og_description":"En la presente secci\u00f3n se establece la contrataci\u00f3n para la adquisici\u00f3n de nuestros SERVICIOS a trav\u00e9s del sitio web https:\/\/hammamaguasderonda.com\/ (en adelante La web) y de cualquiera de nuestros puntos autorizados de venta, propiedad de AGUAS DE RONDA Y CASA CLEMENTE (en adelante el responsable).Mediante la aceptaci\u00f3n del presente contrato, el consumidor y\/o usuario (en [&hellip;]","og_url":"https:\/\/casaclemente.es\/index.php\/politica-de-privacidad\/","og_site_name":"Casa Clemente","article_modified_time":"2020-11-03T11:12:04+00:00","twitter_card":"summary_large_image","twitter_misc":{"Tiempo de lectura":"4 minutos"},"schema":{"@context":"https:\/\/schema.org","@graph":[{"@type":"WebPage","@id":"https:\/\/casaclemente.es\/index.php\/politica-de-privacidad\/","url":"https:\/\/casaclemente.es\/index.php\/politica-de-privacidad\/","name":"Pol\u00edtica de Privacidad - Casa Clemente","isPartOf":{"@id":"https:\/\/casaclemente.es\/#website"},"datePublished":"2020-10-16T19:17:48+00:00","dateModified":"2020-11-03T11:12:04+00:00","breadcrumb":{"@id":"https:\/\/casaclemente.es\/index.php\/politica-de-privacidad\/#breadcrumb"},"inLanguage":"es","potentialAction":[{"@type":"ReadAction","target":["https:\/\/casaclemente.es\/index.php\/politica-de-privacidad\/"]}]},{"@type":"BreadcrumbList","@id":"https:\/\/casaclemente.es\/index.php\/politica-de-privacidad\/#breadcrumb","itemListElement":[{"@type":"ListItem","position":1,"name":"Home","item":"https:\/\/casaclemente.es\/"},{"@type":"ListItem","position":2,"name":"Pol\u00edtica de Privacidad"}]},{"@type":"WebSite","@id":"https:\/\/casaclemente.es\/#website","url":"https:\/\/casaclemente.es\/","name":"Casa Clemente","description":"","publisher":{"@id":"https:\/\/casaclemente.es\/#organization"},"potentialAction":[{"@type":"SearchAction","target":{"@type":"EntryPoint","urlTemplate":"https:\/\/casaclemente.es\/?s={search_term_string}"},"query-input":{"@type":"PropertyValueSpecification","valueRequired":true,"valueName":"search_term_string"}}],"inLanguage":"es"},{"@type":"Organization","@id":"https:\/\/casaclemente.es\/#organization","name":"Casa Clemente","url":"https:\/\/casaclemente.es\/","logo":{"@type":"ImageObject","inLanguage":"es","@id":"https:\/\/casaclemente.es\/#\/schema\/logo\/image\/","url":"https:\/\/casaclemente.es\/wp-content\/uploads\/2020\/10\/logo_m.png","contentUrl":"https:\/\/casaclemente.es\/wp-content\/uploads\/2020\/10\/logo_m.png","width":93,"height":60,"caption":"Casa Clemente"},"image":{"@id":"https:\/\/casaclemente.es\/#\/schema\/logo\/image\/"}}]}},"_links":{"self":[{"href":"https:\/\/casaclemente.es\/index.php\/wp-json\/wp\/v2\/pages\/1931","targetHints":{"allow":["GET"]}}],"collection":[{"href":"https:\/\/casaclemente.es\/index.php\/wp-json\/wp\/v2\/pages"}],"about":[{"href":"https:\/\/casaclemente.es\/index.php\/wp-json\/wp\/v2\/types\/page"}],"author":[{"embeddable":true,"href":"https:\/\/casaclemente.es\/index.php\/wp-json\/wp\/v2\/users\/1"}],"replies":[{"embeddable":true,"href":"https:\/\/casaclemente.es\/index.php\/wp-json\/wp\/v2\/comments?post=1931"}],"version-history":[{"count":2,"href":"https:\/\/casaclemente.es\/index.php\/wp-json\/wp\/v2\/pages\/1931\/revisions"}],"predecessor-version":[{"id":1971,"href":"https:\/\/casaclemente.es\/index.php\/wp-json\/wp\/v2\/pages\/1931\/revisions\/1971"}],"wp:attachment":[{"href":"https:\/\/casaclemente.es\/index.php\/wp-json\/wp\/v2\/media?parent=1931"}],"curies":[{"name":"wp","href":"https:\/\/api.w.org\/{rel}","templated":true}]}}